{"id":95,"date":"2022-12-07T20:11:50","date_gmt":"2022-12-07T20:11:50","guid":{"rendered":"https:\/\/chipstation.site\/?page_id=95"},"modified":"2024-06-24T19:27:14","modified_gmt":"2024-06-24T19:27:14","slug":"nosotros","status":"publish","type":"page","link":"https:\/\/chipstation.co\/en\/nosotros\/","title":{"rendered":"About Us"},"content":{"rendered":"<div data-elementor-type=\"wp-page\" data-elementor-id=\"95\" class=\"elementor elementor-95\">\n\t\t\t\t\t\t<section class=\"elementor-section elementor-top-section elementor-element elementor-element-ad5bffe elementor-section-boxed elementor-section-height-default elementor-section-height-default\" data-id=\"ad5bffe\" data-element_type=\"section\" data-settings=\"{&quot;jet_parallax_layout_list&quot;:[],&quot;background_background&quot;:&quot;classic&quot;}\">\n\t\t\t\t\t\t\t<div class=\"elementor-background-overlay\"><\/div>\n\t\t\t\t\t\t\t<div class=\"elementor-container elementor-column-gap-default\">\n\t\t\t\t\t<div class=\"elementor-column elementor-col-100 elementor-top-column elementor-element elementor-element-ede14b9\" data-id=\"ede14b9\" data-element_type=\"column\">\n\t\t\t<div class=\"elementor-widget-wrap elementor-element-populated\">\n\t\t\t\t\t\t<div class=\"elementor-element elementor-element-9b5cdbd elementor-invisible elementor-widget elementor-widget-image\" data-id=\"9b5cdbd\" data-element_type=\"widget\" data-settings=\"{&quot;_animation&quot;:&quot;fadeInUp&quot;}\" data-widget_type=\"image.default\">\n\t\t\t\t<div class=\"elementor-widget-container\">\n\t\t\t\t\t\t\t\t\t\t\t\t\t\t\t<img fetchpriority=\"high\" decoding=\"async\" width=\"435\" height=\"120\" src=\"https:\/\/chipstation.co\/wp-content\/uploads\/2023\/09\/Grupo-92_.svg\" class=\"attachment-large size-large wp-image-25\" alt=\"\" \/>\t\t\t\t\t\t\t\t\t\t\t\t\t\t\t<\/div>\n\t\t\t\t<\/div>\n\t\t\t\t<div class=\"elementor-element elementor-element-3c46601 elementor-widget elementor-widget-video\" data-id=\"3c46601\" data-element_type=\"widget\" data-settings=\"{&quot;youtube_url&quot;:&quot;https:\\\/\\\/www.youtube.com\\\/watch?v=S7cHP-kysos&quot;,&quot;autoplay&quot;:&quot;yes&quot;,&quot;mute&quot;:&quot;yes&quot;,&quot;video_type&quot;:&quot;youtube&quot;,&quot;controls&quot;:&quot;yes&quot;}\" data-widget_type=\"video.default\">\n\t\t\t\t<div class=\"elementor-widget-container\">\n\t\t\t\t\t\t\t<div class=\"elementor-wrapper elementor-open-inline\">\n\t\t\t<div class=\"elementor-video\"><\/div>\t\t<\/div>\n\t\t\t\t\t\t<\/div>\n\t\t\t\t<\/div>\n\t\t\t\t<section class=\"elementor-section elementor-inner-section elementor-element elementor-element-c4023c6 elementor-section-boxed elementor-section-height-default elementor-section-height-default\" data-id=\"c4023c6\" data-element_type=\"section\" data-settings=\"{&quot;jet_parallax_layout_list&quot;:[]}\">\n\t\t\t\t\t\t<div class=\"elementor-container elementor-column-gap-default\">\n\t\t\t\t\t<div class=\"elementor-column elementor-col-50 elementor-inner-column elementor-element elementor-element-b06bea5\" data-id=\"b06bea5\" data-element_type=\"column\">\n\t\t\t<div class=\"elementor-widget-wrap elementor-element-populated\">\n\t\t\t\t\t\t<div class=\"elementor-element elementor-element-25e53a6 elementor-widget elementor-widget-text-editor\" data-id=\"25e53a6\" data-element_type=\"widget\" data-widget_type=\"text-editor.default\">\n\t\t\t\t<div class=\"elementor-widget-container\">\n\t\t\t\t\t\t\t\t\t<p class=\"translation-block\">In the year 2017, a dreamer wants to revolutionize the supply of potato chips in Colombia and invites some friends to be part of this path thus creating an innovative concept, taking them to a higher standard, with fresh and natural products, and integrating gastronomy from different parts of the world in just cup.<br> <br>\nThis is how in June, the dream of taking <span style=\"color: #ffcc00\"><em><strong>Chipstation<\/strong><\/em><\/span>to the shopping malls in Medellin began, starting operations in the Santa Fe mall.<\/p>\t\t\t\t\t\t\t\t<\/div>\n\t\t\t\t<\/div>\n\t\t\t\t\t<\/div>\n\t\t<\/div>\n\t\t\t\t<div class=\"elementor-column elementor-col-50 elementor-inner-column elementor-element elementor-element-26eb549\" data-id=\"26eb549\" data-element_type=\"column\">\n\t\t\t<div class=\"elementor-widget-wrap elementor-element-populated\">\n\t\t\t\t\t\t<div class=\"elementor-element elementor-element-3642136 elementor-widget elementor-widget-text-editor\" data-id=\"3642136\" data-element_type=\"widget\" data-widget_type=\"text-editor.default\">\n\t\t\t\t<div class=\"elementor-widget-container\">\n\t\t\t\t\t\t\t\t\t<p class=\"translation-block\">At <span style=\"color: #ffcc00\"><em><strong>Chipstation<\/span><\/em><\/strong> we are specialists in adapting the most influential flavors of the world's cuisine to our cup of 100% natural and Colombian potato chips. We work daily to deliver a healthy express food, providing an experience in each cup we prepare.<\/p>\t\t\t\t\t\t\t\t<\/div>\n\t\t\t\t<\/div>\n\t\t\t\t\t<\/div>\n\t\t<\/div>\n\t\t\t\t\t<\/div>\n\t\t<\/section>\n\t\t\t\t<div class=\"elementor-element elementor-element-1cd9b8a elementor-invisible elementor-widget elementor-widget-heading\" data-id=\"1cd9b8a\" data-element_type=\"widget\" data-settings=\"{&quot;_animation&quot;:&quot;fadeInUp&quot;}\" data-widget_type=\"heading.default\">\n\t\t\t\t<div class=\"elementor-widget-container\">\n\t\t\t\t\t<h2 class=\"elementor-heading-title elementor-size-default\">#Specialistsinpotatoes<\/h2>\t\t\t\t<\/div>\n\t\t\t\t<\/div>\n\t\t\t\t<div class=\"elementor-element elementor-element-d9ad9bf elementor-widget elementor-widget-image\" data-id=\"d9ad9bf\" data-element_type=\"widget\" data-widget_type=\"image.default\">\n\t\t\t\t<div class=\"elementor-widget-container\">\n\t\t\t\t\t\t\t\t\t\t\t\t\t\t\t<img decoding=\"async\" width=\"134\" height=\"134\" src=\"https:\/\/chipstation.co\/wp-content\/uploads\/2022\/12\/Grupo-44.svg\" class=\"attachment-large size-large wp-image-28\" alt=\"\" \/>\t\t\t\t\t\t\t\t\t\t\t\t\t\t\t<\/div>\n\t\t\t\t<\/div>\n\t\t\t\t\t<\/div>\n\t\t<\/div>\n\t\t\t\t\t<\/div>\n\t\t<\/section>\n\t\t\t\t<section class=\"elementor-section elementor-top-section elementor-element elementor-element-64c67a8 elementor-section-boxed elementor-section-height-default elementor-section-height-default\" data-id=\"64c67a8\" data-element_type=\"section\" data-settings=\"{&quot;jet_parallax_layout_list&quot;:[]}\">\n\t\t\t\t\t\t\t<div class=\"elementor-background-overlay\"><\/div>\n\t\t\t\t\t\t\t<div class=\"elementor-container elementor-column-gap-default\">\n\t\t\t\t\t<div class=\"elementor-column elementor-col-100 elementor-top-column elementor-element elementor-element-8fb584b\" data-id=\"8fb584b\" data-element_type=\"column\">\n\t\t\t<div class=\"elementor-widget-wrap elementor-element-populated\">\n\t\t\t\t\t\t<div class=\"elementor-element elementor-element-4cef68d elementor-widget elementor-widget-heading\" data-id=\"4cef68d\" data-element_type=\"widget\" data-widget_type=\"heading.default\">\n\t\t\t\t<div class=\"elementor-widget-container\">\n\t\t\t\t\t<h2 class=\"elementor-heading-title elementor-size-default\">Do you want to work with us?<\/h2>\t\t\t\t<\/div>\n\t\t\t\t<\/div>\n\t\t\t\t<div class=\"elementor-element elementor-element-49c97b4 elementor-align-center elementor-widget elementor-widget-button\" data-id=\"49c97b4\" data-element_type=\"widget\" data-widget_type=\"button.default\">\n\t\t\t\t<div class=\"elementor-widget-container\">\n\t\t\t\t\t\t\t\t\t<div class=\"elementor-button-wrapper\">\n\t\t\t\t\t<a class=\"elementor-button elementor-button-link elementor-size-sm\" href=\"https:\/\/chipstation.co\/en\/trabaja-con-nosotros\/\">\n\t\t\t\t\t\t<span class=\"elementor-button-content-wrapper\">\n\t\t\t\t\t\t\t\t\t<span class=\"elementor-button-text\">Click Here<\/span>\n\t\t\t\t\t<\/span>\n\t\t\t\t\t<\/a>\n\t\t\t\t<\/div>\n\t\t\t\t\t\t\t\t<\/div>\n\t\t\t\t<\/div>\n\t\t\t\t\t<\/div>\n\t\t<\/div>\n\t\t\t\t\t<\/div>\n\t\t<\/section>\n\t\t\t\t<section class=\"elementor-section elementor-top-section elementor-element elementor-element-d1cf3ac elementor-section-boxed elementor-section-height-default elementor-section-height-default\" data-id=\"d1cf3ac\" data-element_type=\"section\" data-settings=\"{&quot;jet_parallax_layout_list&quot;:[]}\">\n\t\t\t\t\t\t\t<div class=\"elementor-background-overlay\"><\/div>\n\t\t\t\t\t\t\t<div class=\"elementor-container elementor-column-gap-default\">\n\t\t\t\t\t<div class=\"elementor-column elementor-col-100 elementor-top-column elementor-element elementor-element-d0ac740\" data-id=\"d0ac740\" data-element_type=\"column\">\n\t\t\t<div class=\"elementor-widget-wrap elementor-element-populated\">\n\t\t\t\t\t\t<div class=\"elementor-element elementor-element-a91bbf5 elementor-widget elementor-widget-heading\" data-id=\"a91bbf5\" data-element_type=\"widget\" data-widget_type=\"heading.default\">\n\t\t\t\t<div class=\"elementor-widget-container\">\n\t\t\t\t\t<h2 class=\"elementor-heading-title elementor-size-default\">Franchises<\/h2>\t\t\t\t<\/div>\n\t\t\t\t<\/div>\n\t\t\t\t<div class=\"elementor-element elementor-element-a49b05b elementor-align-center elementor-widget elementor-widget-button\" data-id=\"a49b05b\" data-element_type=\"widget\" data-widget_type=\"button.default\">\n\t\t\t\t<div class=\"elementor-widget-container\">\n\t\t\t\t\t\t\t\t\t<div class=\"elementor-button-wrapper\">\n\t\t\t\t\t<a class=\"elementor-button elementor-button-link elementor-size-sm\" href=\"https:\/\/chipstation.co\/en\/franquicias\/\">\n\t\t\t\t\t\t<span class=\"elementor-button-content-wrapper\">\n\t\t\t\t\t\t\t\t\t<span class=\"elementor-button-text\">Click Here<\/span>\n\t\t\t\t\t<\/span>\n\t\t\t\t\t<\/a>\n\t\t\t\t<\/div>\n\t\t\t\t\t\t\t\t<\/div>\n\t\t\t\t<\/div>\n\t\t\t\t\t<\/div>\n\t\t<\/div>\n\t\t\t\t\t<\/div>\n\t\t<\/section>\n\t\t\t\t<\/div>","protected":false},"excerpt":{"rendered":"<p>En el a\u00f1o 2017, un so\u00f1ador desea revolucionar la oferta de papas fritas en Colombia e invita a algunos amigos a ser parte de este camino creando as\u00ed un concepto innovador, llev\u00e1ndolas a un est\u00e1ndar m\u00e1s alto, con productos frescos y naturales, e integrando la gastronom\u00eda de diferentes partes del mundo en solo cup. Es [&hellip;]<\/p>","protected":false},"author":1,"featured_media":28,"parent":0,"menu_order":0,"comment_status":"closed","ping_status":"closed","template":"","meta":{"_acf_changed":false,"footnotes":""},"class_list":["post-95","page","type-page","status-publish","has-post-thumbnail","hentry"],"acf":[],"yoast_head":"<!-- This site is optimized with the Yoast SEO plugin v24.5 - https:\/\/yoast.com\/wordpress\/plugins\/seo\/ -->\n<title>Nosotros - ChipStation<\/title>\n<meta name=\"robots\" content=\"index, follow, max-snippet:-1, max-image-preview:large, max-video-preview:-1\" \/>\n<link rel=\"canonical\" href=\"https:\/\/chipstation.co\/en\/nosotros\/\" \/>\n<meta property=\"og:locale\" content=\"en_US\" \/>\n<meta property=\"og:type\" content=\"article\" \/>\n<meta property=\"og:title\" content=\"Nosotros - ChipStation\" \/>\n<meta property=\"og:description\" content=\"En el a\u00f1o 2017, un so\u00f1ador desea revolucionar la oferta de papas fritas en Colombia e invita a algunos amigos a ser parte de este camino creando as\u00ed un concepto innovador, llev\u00e1ndolas a un est\u00e1ndar m\u00e1s alto, con productos frescos y naturales, e integrando la gastronom\u00eda de diferentes partes del mundo en solo cup. Es [&hellip;]\" \/>\n<meta property=\"og:url\" content=\"https:\/\/chipstation.co\/en\/nosotros\/\" \/>\n<meta property=\"og:site_name\" content=\"ChipStation\" \/>\n<meta property=\"article:modified_time\" content=\"2024-06-24T19:27:14+00:00\" \/>\n<meta name=\"twitter:card\" content=\"summary_large_image\" \/>\n<meta name=\"twitter:label1\" content=\"Est. reading time\" \/>\n\t<meta name=\"twitter:data1\" content=\"2 minutes\" \/>\n<script type=\"application\/ld+json\" class=\"yoast-schema-graph\">{\"@context\":\"https:\/\/schema.org\",\"@graph\":[{\"@type\":\"WebPage\",\"@id\":\"https:\/\/chipstation.co\/nosotros\/\",\"url\":\"https:\/\/chipstation.co\/nosotros\/\",\"name\":\"Nosotros - ChipStation\",\"isPartOf\":{\"@id\":\"https:\/\/chipstation.co\/#website\"},\"primaryImageOfPage\":{\"@id\":\"https:\/\/chipstation.co\/nosotros\/#primaryimage\"},\"image\":{\"@id\":\"https:\/\/chipstation.co\/nosotros\/#primaryimage\"},\"thumbnailUrl\":\"https:\/\/chipstation.co\/wp-content\/uploads\/2022\/12\/Grupo-44.svg\",\"datePublished\":\"2022-12-07T20:11:50+00:00\",\"dateModified\":\"2024-06-24T19:27:14+00:00\",\"breadcrumb\":{\"@id\":\"https:\/\/chipstation.co\/nosotros\/#breadcrumb\"},\"inLanguage\":\"en-US\",\"potentialAction\":[{\"@type\":\"ReadAction\",\"target\":[\"https:\/\/chipstation.co\/nosotros\/\"]}]},{\"@type\":\"ImageObject\",\"inLanguage\":\"en-US\",\"@id\":\"https:\/\/chipstation.co\/nosotros\/#primaryimage\",\"url\":\"https:\/\/chipstation.co\/wp-content\/uploads\/2022\/12\/Grupo-44.svg\",\"contentUrl\":\"https:\/\/chipstation.co\/wp-content\/uploads\/2022\/12\/Grupo-44.svg\",\"width\":134.014,\"height\":134.479},{\"@type\":\"BreadcrumbList\",\"@id\":\"https:\/\/chipstation.co\/nosotros\/#breadcrumb\",\"itemListElement\":[{\"@type\":\"ListItem\",\"position\":1,\"name\":\"Home\",\"item\":\"https:\/\/chipstation.co\/\"},{\"@type\":\"ListItem\",\"position\":2,\"name\":\"Nosotros\"}]},{\"@type\":\"WebSite\",\"@id\":\"https:\/\/chipstation.co\/#website\",\"url\":\"https:\/\/chipstation.co\/\",\"name\":\"ChipStation\",\"description\":\"\",\"potentialAction\":[{\"@type\":\"SearchAction\",\"target\":{\"@type\":\"EntryPoint\",\"urlTemplate\":\"https:\/\/chipstation.co\/?s={search_term_string}\"},\"query-input\":{\"@type\":\"PropertyValueSpecification\",\"valueRequired\":true,\"valueName\":\"search_term_string\"}}],\"inLanguage\":\"en-US\"}]}<\/script>\n<!-- \/ Yoast SEO plugin. -->","yoast_head_json":{"title":"Nosotros - ChipStation","robots":{"index":"index","follow":"follow","max-snippet":"max-snippet:-1","max-image-preview":"max-image-preview:large","max-video-preview":"max-video-preview:-1"},"canonical":"https:\/\/chipstation.co\/en\/nosotros\/","og_locale":"en_US","og_type":"article","og_title":"Nosotros - ChipStation","og_description":"En el a\u00f1o 2017, un so\u00f1ador desea revolucionar la oferta de papas fritas en Colombia e invita a algunos amigos a ser parte de este camino creando as\u00ed un concepto innovador, llev\u00e1ndolas a un est\u00e1ndar m\u00e1s alto, con productos frescos y naturales, e integrando la gastronom\u00eda de diferentes partes del mundo en solo cup. Es [&hellip;]","og_url":"https:\/\/chipstation.co\/en\/nosotros\/","og_site_name":"ChipStation","article_modified_time":"2024-06-24T19:27:14+00:00","twitter_card":"summary_large_image","twitter_misc":{"Est. reading time":"2 minutes"},"schema":{"@context":"https:\/\/schema.org","@graph":[{"@type":"WebPage","@id":"https:\/\/chipstation.co\/nosotros\/","url":"https:\/\/chipstation.co\/nosotros\/","name":"Nosotros - ChipStation","isPartOf":{"@id":"https:\/\/chipstation.co\/#website"},"primaryImageOfPage":{"@id":"https:\/\/chipstation.co\/nosotros\/#primaryimage"},"image":{"@id":"https:\/\/chipstation.co\/nosotros\/#primaryimage"},"thumbnailUrl":"https:\/\/chipstation.co\/wp-content\/uploads\/2022\/12\/Grupo-44.svg","datePublished":"2022-12-07T20:11:50+00:00","dateModified":"2024-06-24T19:27:14+00:00","breadcrumb":{"@id":"https:\/\/chipstation.co\/nosotros\/#breadcrumb"},"inLanguage":"en-US","potentialAction":[{"@type":"ReadAction","target":["https:\/\/chipstation.co\/nosotros\/"]}]},{"@type":"ImageObject","inLanguage":"en-US","@id":"https:\/\/chipstation.co\/nosotros\/#primaryimage","url":"https:\/\/chipstation.co\/wp-content\/uploads\/2022\/12\/Grupo-44.svg","contentUrl":"https:\/\/chipstation.co\/wp-content\/uploads\/2022\/12\/Grupo-44.svg","width":134.014,"height":134.479},{"@type":"BreadcrumbList","@id":"https:\/\/chipstation.co\/nosotros\/#breadcrumb","itemListElement":[{"@type":"ListItem","position":1,"name":"Home","item":"https:\/\/chipstation.co\/"},{"@type":"ListItem","position":2,"name":"Nosotros"}]},{"@type":"WebSite","@id":"https:\/\/chipstation.co\/#website","url":"https:\/\/chipstation.co\/","name":"ChipStation","description":"","potentialAction":[{"@type":"SearchAction","target":{"@type":"EntryPoint","urlTemplate":"https:\/\/chipstation.co\/?s={search_term_string}"},"query-input":{"@type":"PropertyValueSpecification","valueRequired":true,"valueName":"search_term_string"}}],"inLanguage":"en-US"}]}},"_links":{"self":[{"href":"https:\/\/chipstation.co\/en\/wp-json\/wp\/v2\/pages\/95","targetHints":{"allow":["GET"]}}],"collection":[{"href":"https:\/\/chipstation.co\/en\/wp-json\/wp\/v2\/pages"}],"about":[{"href":"https:\/\/chipstation.co\/en\/wp-json\/wp\/v2\/types\/page"}],"author":[{"embeddable":true,"href":"https:\/\/chipstation.co\/en\/wp-json\/wp\/v2\/users\/1"}],"replies":[{"embeddable":true,"href":"https:\/\/chipstation.co\/en\/wp-json\/wp\/v2\/comments?post=95"}],"version-history":[{"count":28,"href":"https:\/\/chipstation.co\/en\/wp-json\/wp\/v2\/pages\/95\/revisions"}],"predecessor-version":[{"id":490,"href":"https:\/\/chipstation.co\/en\/wp-json\/wp\/v2\/pages\/95\/revisions\/490"}],"wp:featuredmedia":[{"embeddable":true,"href":"https:\/\/chipstation.co\/en\/wp-json\/wp\/v2\/media\/28"}],"wp:attachment":[{"href":"https:\/\/chipstation.co\/en\/wp-json\/wp\/v2\/media?parent=95"}],"curies":[{"name":"wp","href":"https:\/\/api.w.org\/{rel}","templated":true}]}}