{"id":324,"date":"2023-09-05T01:45:31","date_gmt":"2023-09-05T01:45:31","guid":{"rendered":"https:\/\/chipstation.site\/?page_id=324"},"modified":"2025-02-17T22:16:10","modified_gmt":"2025-02-17T22:16:10","slug":"franquicias","status":"publish","type":"page","link":"https:\/\/chipstation.co\/en\/franquicias\/","title":{"rendered":"Investors"},"content":{"rendered":"<div data-elementor-type=\"wp-page\" data-elementor-id=\"324\" class=\"elementor elementor-324\">\n\t\t\t\t\t\t<section class=\"elementor-section elementor-top-section elementor-element elementor-element-cf288f8 elementor-section-boxed elementor-section-height-default elementor-section-height-default\" data-id=\"cf288f8\" data-element_type=\"section\" data-settings=\"{&quot;jet_parallax_layout_list&quot;:[]}\">\n\t\t\t\t\t\t<div class=\"elementor-container elementor-column-gap-default\">\n\t\t\t\t\t<div class=\"elementor-column elementor-col-100 elementor-top-column elementor-element elementor-element-df6f712\" data-id=\"df6f712\" data-element_type=\"column\">\n\t\t\t<div class=\"elementor-widget-wrap elementor-element-populated\">\n\t\t\t\t\t\t<section class=\"elementor-section elementor-inner-section elementor-element elementor-element-5252b88 elementor-section-boxed elementor-section-height-default elementor-section-height-default\" data-id=\"5252b88\" data-element_type=\"section\" data-settings=\"{&quot;jet_parallax_layout_list&quot;:[]}\">\n\t\t\t\t\t\t<div class=\"elementor-container elementor-column-gap-default\">\n\t\t\t\t\t<div class=\"elementor-column elementor-col-100 elementor-inner-column elementor-element elementor-element-002f651\" data-id=\"002f651\" data-element_type=\"column\" data-settings=\"{&quot;animation&quot;:&quot;none&quot;}\">\n\t\t\t<div class=\"elementor-widget-wrap elementor-element-populated\">\n\t\t\t\t\t\t<div class=\"elementor-element elementor-element-4c3bd43 elementor-invisible elementor-widget elementor-widget-heading\" data-id=\"4c3bd43\" data-element_type=\"widget\" data-settings=\"{&quot;_animation&quot;:&quot;fadeInUp&quot;}\" data-widget_type=\"heading.default\">\n\t\t\t\t<div class=\"elementor-widget-container\">\n\t\t\t\t\t<h2 class=\"elementor-heading-title elementor-size-default\">Investors<\/h2>\t\t\t\t<\/div>\n\t\t\t\t<\/div>\n\t\t\t\t<div class=\"elementor-element elementor-element-3808c1f elementor-widget__width-initial elementor-widget elementor-widget-heading\" data-id=\"3808c1f\" data-element_type=\"widget\" data-widget_type=\"heading.default\">\n\t\t\t\t<div class=\"elementor-widget-container\">\n\t\t\t\t\t<h2 class=\"elementor-heading-title elementor-size-default\">Would you like to be part of the company that changed the way we eat French fries in Colombia?<\/h2>\t\t\t\t<\/div>\n\t\t\t\t<\/div>\n\t\t\t\t<div class=\"elementor-element elementor-element-65df8b4 elementor-widget__width-initial elementor-widget elementor-widget-heading\" data-id=\"65df8b4\" data-element_type=\"widget\" data-widget_type=\"heading.default\">\n\t\t\t\t<div class=\"elementor-widget-container\">\n\t\t\t\t\t<h2 class=\"elementor-heading-title elementor-size-default\">\u00a0\u00bfQuieres hacer parte de un concepto de una compa\u00f1\u00eda exitosa?\u00a0<\/h2>\t\t\t\t<\/div>\n\t\t\t\t<\/div>\n\t\t\t\t<div class=\"elementor-element elementor-element-a7bdf6d elementor-widget elementor-widget-text-editor\" data-id=\"a7bdf6d\" data-element_type=\"widget\" data-widget_type=\"text-editor.default\">\n\t\t\t\t<div class=\"elementor-widget-container\">\n\t\t\t\t\t\t\t\t\t<p><span style=\"color: var( --e-global-color-text ); font-family: var( --e-global-typography-text-font-family ), Sans-serif; font-weight: var( --e-global-typography-text-font-weight ); font-size: 1rem;\"><strong>Do you want to be part of a successful company concept?<\/strong><br \/><\/span><a style=\"font-family: var( --e-global-typography-text-font-family ), Sans-serif; font-weight: var( --e-global-typography-text-font-weight ); background-color: #f4ebdb; font-size: 1rem;\" href=\"mailto:edison.castaneda@chipstation.com.co\">edison.castaneda@chipstation.com.co<\/a><\/p><p>We have 15 points of sale, 11 in Medell\u00edn and 4 in Bogot\u00e1.<\/p><p>Minimum investment amount $215,000,000, 0.5% equity interest<\/p>\t\t\t\t\t\t\t\t<\/div>\n\t\t\t\t<\/div>\n\t\t\t\t<div class=\"elementor-element elementor-element-cd754b3 elementor-widget__width-initial elementor-widget elementor-widget-heading\" data-id=\"cd754b3\" data-element_type=\"widget\" data-widget_type=\"heading.default\">\n\t\t\t\t<div class=\"elementor-widget-container\">\n\t\t\t\t\t<h2 class=\"elementor-heading-title elementor-size-default\">Join us on the road to Success!!!<\/h2>\t\t\t\t<\/div>\n\t\t\t\t<\/div>\n\t\t\t\t\t<\/div>\n\t\t<\/div>\n\t\t\t\t\t<\/div>\n\t\t<\/section>\n\t\t\t\t<div class=\"elementor-element elementor-element-3b6c68e elementor-widget elementor-widget-jet-engine-booking-form\" data-id=\"3b6c68e\" data-element_type=\"widget\" data-widget_type=\"jet-engine-booking-form.default\">\n\t\t\t\t<div class=\"elementor-widget-container\">\n\t\t\t\t\t<form  class=\"jet-form layout-column submit-type-ajax\" action=\"\/en\/wp-json\/wp\/v2\/pages\/324?jet_engine_action=book&#038;nocache=1777716444\" method=\"POST\" data-form-id=\"335\" data-trp-original-action=\"\/en\/wp-json\/wp\/v2\/pages\/324?jet_engine_action=book&#038;nocache=1777716444\"><input class=\"jet-form__field hidden-field\" type=\"hidden\" name=\"_jet_engine_booking_form_id\" value=\"335\" data-field-name=\"_jet_engine_booking_form_id\"><input class=\"jet-form__field hidden-field\" type=\"hidden\" name=\"_jet_engine_refer\" value=\"https:\/\/chipstation.co\/en\/wp-json\/wp\/v2\/pages\/324\" data-field-name=\"_jet_engine_refer\"><div  class=\"jet-form-row jet-form-row--hidden\"><div class=\"jet-form-col jet-form-col-12  field-type-hidden  jet-form-field-container\" data-field=\"post_id\" data-conditional=\"false\"><input class=\"jet-form__field hidden-field\" type=\"hidden\" name=\"post_id\" value=\"324\" data-field-name=\"post_id\"><\/div><\/div><div  class=\"jet-form-row jet-form-row--first-visible\"><div class=\"jet-form-col jet-form-col-12  field-type-text  jet-form-field-container\" data-field=\"Nombre\" data-conditional=\"false\"><div class=\"jet-form__label\">\n\t<span class=\"jet-form__label-text\" >Name<span class=\"jet-form__required\">*<\/span><\/span>\n\t<\/div><input class=\"jet-form__field text-field\" value=\"\" required=\"required\" name=\"Nombre\" id=\"Nombre\" type=\"text\" data-field-name=\"Nombre\"><\/div><\/div><div  class=\"jet-form-row\"><div class=\"jet-form-col jet-form-col-12  field-type-text  jet-form-field-container\" data-field=\"Mail\" data-conditional=\"false\"><div class=\"jet-form__label\">\n\t<span class=\"jet-form__label-text\" >Email<span class=\"jet-form__required\">*<\/span><\/span>\n\t<\/div><input class=\"jet-form__field text-field\" value=\"\" required=\"required\" name=\"Mail\" id=\"Mail\" type=\"email\" data-field-name=\"Mail\"><\/div><\/div><div  class=\"jet-form-row\"><div class=\"jet-form-col jet-form-col-12  field-type-textarea  jet-form-field-container\" data-field=\"Mensaje\" data-conditional=\"false\"><div class=\"jet-form__label\">\n\t<span class=\"jet-form__label-text\" >Message<span class=\"jet-form__required\">*<\/span><\/span>\n\t<\/div><textarea class=\"jet-form__field textarea-field\" required=\"required\" name=\"Mensaje\" data-field-name=\"Mensaje\" id=\"Mensaje\"><\/textarea><\/div><\/div><div  class=\"jet-form-row jet-form-row--submit\"><div class=\"jet-form-col jet-form-col-12  field-type-submit  jet-form-field-container\" data-field=\"Submit\" data-conditional=\"false\"><div class=\"jet-form__submit-wrap\">\n\t\t<button class=\"jet-form__submit submit-type-ajax\" type=\"button\">Send<\/button>\n<\/div><\/div><\/div><script id=\"jet-engine-recaptcha-js\" src=\"https:\/\/www.google.com\/recaptcha\/api.js?render=6Le-fQAqAAAAAGPC5afiPAS3fRFmRSuIRJH-V7Eo\"><\/script>\t\t\t<input type=\"hidden\" class=\"captcha-token\" name=\"_captcha_token\" value=\"\">\n\t\t\t<script>\n\n\t\t\t\tif ( ! window.JetEngineFormCaptcha ) {\n\t\t\t\t\twindow.JetEngineFormCaptcha = function( formID ) {\n\t\t\t\t\t\tvar $script  = document.querySelector( 'script#jet-engine-recaptcha-js' ),\n\t\t\t\t\t\t\t$cpField = document.querySelector( 'form[data-form-id=\"' + formID + '\"] .captcha-token' );\n\n\t\t\t\t\t\tfunction setFormToken() {\n\t\t\t\t\t\t\tif ( window.JetEngineFormToken ) {\n\t\t\t\t\t\t\t\t$cpField.value = window.JetEngineFormToken;\n\t\t\t\t\t\t\t} else if ( window.grecaptcha ) {\n\t\t\t\t\t\t\t\twindow.grecaptcha.ready( function() {\n\t\t\t\t\t\t\t\t\tgrecaptcha.execute(\n\t\t\t\t\t\t\t\t\t\t'6Le-fQAqAAAAAGPC5afiPAS3fRFmRSuIRJH-V7Eo',\n\t\t\t\t\t\t\t\t\t\t{\n\t\t\t\t\t\t\t\t\t\t\taction: 'submit_form'\n\t\t\t\t\t\t\t\t\t\t}\n\t\t\t\t\t\t\t\t\t).then( function( token ) {\n\t\t\t\t\t\t\t\t\t\t$cpField.value = token;\n\t\t\t\t\t\t\t\t\t\twindow.JetEngineFormToken = token;\n\t\t\t\t\t\t\t\t\t} );\n\t\t\t\t\t\t\t\t} );\n\t\t\t\t\t\t\t}\n\t\t\t\t\t\t}\n\n\t\t\t\t\t\tif ( ! $cpField ) {\n\t\t\t\t\t\t\treturn;\n\t\t\t\t\t\t}\n\n\t\t\t\t\t\tif ( ! $script ) {\n\n\t\t\t\t\t\t\t$script = document.createElement( 'script' );\n\n\t\t\t\t\t\t\t$script.id  = 'jet-engine-recaptcha-js';\n\t\t\t\t\t\t\t$script.src = 'https:\/\/www.google.com\/recaptcha\/api.js?render=6Le-fQAqAAAAAGPC5afiPAS3fRFmRSuIRJH-V7Eo';\n\n\t\t\t\t\t\t\t$cpField.parentNode.insertBefore( $script, $cpField );\n\n\t\t\t\t\t\t\t$script.onload = function() {\n\t\t\t\t\t\t\t\tsetFormToken();\n\t\t\t\t\t\t\t};\n\n\t\t\t\t\t\t} else {\n\t\t\t\t\t\t\tsetFormToken();\n\t\t\t\t\t\t}\n\n\t\t\t\t\t}\n\t\t\t\t}\n\n\t\t\t\twindow.JetEngineFormCaptcha( 335 );\n\n\t\t\t\tjQuery( window ).on( 'jet-popup\/show-event\/after-show', function () {\n\n\t\t\t\t\twindow.JetEngineFormCaptcha( 335 );\n\n\t\t\t\t} );\n\t\t\t<\/script>\n\t\t\t<input class=\"jet-form__field hidden-field\" type=\"hidden\" name=\"_jet_engine_nonce\" value=\"44a078cde4\" data-field-name=\"_jet_engine_nonce\"><input type=\"hidden\" name=\"trp-form-language\" value=\"en\"\/><\/form><div class=\"jet-form-messages-wrap\" data-form-id=\"335\"><\/div>\t\t\t\t<\/div>\n\t\t\t\t<\/div>\n\t\t\t\t\t<\/div>\n\t\t<\/div>\n\t\t\t\t\t<\/div>\n\t\t<\/section>\n\t\t\t\t<\/div>","protected":false},"excerpt":{"rendered":"<p>Inversionistas \u00bfTe gustar\u00eda ser parte de la empresa que cambio la forma de comer papas fritas en Colombia? \u00a0\u00bfQuieres hacer parte de un concepto de una compa\u00f1\u00eda exitosa?\u00a0 Escr\u00edbenos y separa tu cita para las rondas de inversi\u00f3n:edison.castaneda@chipstation.com.co Contamos con 15 puntos de venta, 11 en Medell\u00edn y 4 en Bogot\u00e1 Monto m\u00ednimo de inversi\u00f3n [&hellip;]<\/p>","protected":false},"author":1,"featured_media":28,"parent":0,"menu_order":0,"comment_status":"closed","ping_status":"closed","template":"","meta":{"_acf_changed":false,"footnotes":""},"class_list":["post-324","page","type-page","status-publish","has-post-thumbnail","hentry"],"acf":[],"yoast_head":"<!-- This site is optimized with the Yoast SEO plugin v24.5 - https:\/\/yoast.com\/wordpress\/plugins\/seo\/ -->\n<title>Inversionistas - ChipStation<\/title>\n<meta name=\"description\" content=\"Cont\u00e1ctenos si quiere averiguar por una franquicia\" \/>\n<meta name=\"robots\" content=\"index, follow, max-snippet:-1, max-image-preview:large, max-video-preview:-1\" \/>\n<link rel=\"canonical\" href=\"https:\/\/chipstation.co\/en\/franquicias\/\" \/>\n<meta property=\"og:locale\" content=\"en_US\" \/>\n<meta property=\"og:type\" content=\"article\" \/>\n<meta property=\"og:title\" content=\"Inversionistas - ChipStation\" \/>\n<meta property=\"og:description\" content=\"Cont\u00e1ctenos si quiere averiguar por una franquicia\" \/>\n<meta property=\"og:url\" content=\"https:\/\/chipstation.co\/en\/franquicias\/\" \/>\n<meta property=\"og:site_name\" content=\"ChipStation\" \/>\n<meta property=\"article:modified_time\" content=\"2025-02-17T22:16:10+00:00\" \/>\n<meta name=\"twitter:card\" content=\"summary_large_image\" \/>\n<meta name=\"twitter:label1\" content=\"Est. reading time\" \/>\n\t<meta name=\"twitter:data1\" content=\"1 minute\" \/>\n<script type=\"application\/ld+json\" class=\"yoast-schema-graph\">{\"@context\":\"https:\/\/schema.org\",\"@graph\":[{\"@type\":\"WebPage\",\"@id\":\"https:\/\/chipstation.co\/franquicias\/\",\"url\":\"https:\/\/chipstation.co\/franquicias\/\",\"name\":\"Inversionistas - ChipStation\",\"isPartOf\":{\"@id\":\"https:\/\/chipstation.co\/#website\"},\"primaryImageOfPage\":{\"@id\":\"https:\/\/chipstation.co\/franquicias\/#primaryimage\"},\"image\":{\"@id\":\"https:\/\/chipstation.co\/franquicias\/#primaryimage\"},\"thumbnailUrl\":\"https:\/\/chipstation.co\/wp-content\/uploads\/2022\/12\/Grupo-44.svg\",\"datePublished\":\"2023-09-05T01:45:31+00:00\",\"dateModified\":\"2025-02-17T22:16:10+00:00\",\"description\":\"Cont\u00e1ctenos si quiere averiguar por una franquicia\",\"breadcrumb\":{\"@id\":\"https:\/\/chipstation.co\/franquicias\/#breadcrumb\"},\"inLanguage\":\"en-US\",\"potentialAction\":[{\"@type\":\"ReadAction\",\"target\":[\"https:\/\/chipstation.co\/franquicias\/\"]}]},{\"@type\":\"ImageObject\",\"inLanguage\":\"en-US\",\"@id\":\"https:\/\/chipstation.co\/franquicias\/#primaryimage\",\"url\":\"https:\/\/chipstation.co\/wp-content\/uploads\/2022\/12\/Grupo-44.svg\",\"contentUrl\":\"https:\/\/chipstation.co\/wp-content\/uploads\/2022\/12\/Grupo-44.svg\",\"width\":134.014,\"height\":134.479},{\"@type\":\"BreadcrumbList\",\"@id\":\"https:\/\/chipstation.co\/franquicias\/#breadcrumb\",\"itemListElement\":[{\"@type\":\"ListItem\",\"position\":1,\"name\":\"Home\",\"item\":\"https:\/\/chipstation.co\/\"},{\"@type\":\"ListItem\",\"position\":2,\"name\":\"Inversionistas\"}]},{\"@type\":\"WebSite\",\"@id\":\"https:\/\/chipstation.co\/#website\",\"url\":\"https:\/\/chipstation.co\/\",\"name\":\"ChipStation\",\"description\":\"\",\"potentialAction\":[{\"@type\":\"SearchAction\",\"target\":{\"@type\":\"EntryPoint\",\"urlTemplate\":\"https:\/\/chipstation.co\/?s={search_term_string}\"},\"query-input\":{\"@type\":\"PropertyValueSpecification\",\"valueRequired\":true,\"valueName\":\"search_term_string\"}}],\"inLanguage\":\"en-US\"}]}<\/script>\n<!-- \/ Yoast SEO plugin. -->","yoast_head_json":{"title":"Inversionistas - ChipStation","description":"Cont\u00e1ctenos si quiere averiguar por una franquicia","robots":{"index":"index","follow":"follow","max-snippet":"max-snippet:-1","max-image-preview":"max-image-preview:large","max-video-preview":"max-video-preview:-1"},"canonical":"https:\/\/chipstation.co\/en\/franquicias\/","og_locale":"en_US","og_type":"article","og_title":"Inversionistas - ChipStation","og_description":"Cont\u00e1ctenos si quiere averiguar por una franquicia","og_url":"https:\/\/chipstation.co\/en\/franquicias\/","og_site_name":"ChipStation","article_modified_time":"2025-02-17T22:16:10+00:00","twitter_card":"summary_large_image","twitter_misc":{"Est. reading time":"1 minute"},"schema":{"@context":"https:\/\/schema.org","@graph":[{"@type":"WebPage","@id":"https:\/\/chipstation.co\/franquicias\/","url":"https:\/\/chipstation.co\/franquicias\/","name":"Inversionistas - ChipStation","isPartOf":{"@id":"https:\/\/chipstation.co\/#website"},"primaryImageOfPage":{"@id":"https:\/\/chipstation.co\/franquicias\/#primaryimage"},"image":{"@id":"https:\/\/chipstation.co\/franquicias\/#primaryimage"},"thumbnailUrl":"https:\/\/chipstation.co\/wp-content\/uploads\/2022\/12\/Grupo-44.svg","datePublished":"2023-09-05T01:45:31+00:00","dateModified":"2025-02-17T22:16:10+00:00","description":"Cont\u00e1ctenos si quiere averiguar por una franquicia","breadcrumb":{"@id":"https:\/\/chipstation.co\/franquicias\/#breadcrumb"},"inLanguage":"en-US","potentialAction":[{"@type":"ReadAction","target":["https:\/\/chipstation.co\/franquicias\/"]}]},{"@type":"ImageObject","inLanguage":"en-US","@id":"https:\/\/chipstation.co\/franquicias\/#primaryimage","url":"https:\/\/chipstation.co\/wp-content\/uploads\/2022\/12\/Grupo-44.svg","contentUrl":"https:\/\/chipstation.co\/wp-content\/uploads\/2022\/12\/Grupo-44.svg","width":134.014,"height":134.479},{"@type":"BreadcrumbList","@id":"https:\/\/chipstation.co\/franquicias\/#breadcrumb","itemListElement":[{"@type":"ListItem","position":1,"name":"Home","item":"https:\/\/chipstation.co\/"},{"@type":"ListItem","position":2,"name":"Inversionistas"}]},{"@type":"WebSite","@id":"https:\/\/chipstation.co\/#website","url":"https:\/\/chipstation.co\/","name":"ChipStation","description":"","potentialAction":[{"@type":"SearchAction","target":{"@type":"EntryPoint","urlTemplate":"https:\/\/chipstation.co\/?s={search_term_string}"},"query-input":{"@type":"PropertyValueSpecification","valueRequired":true,"valueName":"search_term_string"}}],"inLanguage":"en-US"}]}},"_links":{"self":[{"href":"https:\/\/chipstation.co\/en\/wp-json\/wp\/v2\/pages\/324","targetHints":{"allow":["GET"]}}],"collection":[{"href":"https:\/\/chipstation.co\/en\/wp-json\/wp\/v2\/pages"}],"about":[{"href":"https:\/\/chipstation.co\/en\/wp-json\/wp\/v2\/types\/page"}],"author":[{"embeddable":true,"href":"https:\/\/chipstation.co\/en\/wp-json\/wp\/v2\/users\/1"}],"replies":[{"embeddable":true,"href":"https:\/\/chipstation.co\/en\/wp-json\/wp\/v2\/comments?post=324"}],"version-history":[{"count":20,"href":"https:\/\/chipstation.co\/en\/wp-json\/wp\/v2\/pages\/324\/revisions"}],"predecessor-version":[{"id":503,"href":"https:\/\/chipstation.co\/en\/wp-json\/wp\/v2\/pages\/324\/revisions\/503"}],"wp:featuredmedia":[{"embeddable":true,"href":"https:\/\/chipstation.co\/en\/wp-json\/wp\/v2\/media\/28"}],"wp:attachment":[{"href":"https:\/\/chipstation.co\/en\/wp-json\/wp\/v2\/media?parent=324"}],"curies":[{"name":"wp","href":"https:\/\/api.w.org\/{rel}","templated":true}]}}